{"id":7,"date":"2023-03-18T19:36:38","date_gmt":"2023-03-18T19:36:38","guid":{"rendered":"https:\/\/sverigeatlas.se\/?page_id=7"},"modified":"2023-05-10T17:12:11","modified_gmt":"2023-05-10T17:12:11","slug":"sverigeatlas","status":"publish","type":"page","link":"https:\/\/sverigeatlas.se\/br\/sverigeatlas\/","title":{"rendered":"SverigeAtlas"},"content":{"rendered":"\n<p>A Su\u00e9cia \u00e9 um pa\u00eds no norte da Europa conhecido por sua bela natureza, alto n\u00edvel de prosperidade e estado de bem-estar social. O pa\u00eds tem uma popula\u00e7\u00e3o de cerca de 10 milh\u00f5es de pessoas e uma hist\u00f3ria que remonta \u00e0 era viking.<\/p>\n\n\n\n<p>Mais informa\u00e7\u00f5es: sobre a Su\u00e9cia em sverigeatlas.se<\/p>\n\n\n\n<p>Uma das atra\u00e7\u00f5es tur\u00edsticas mais conhecidas da Su\u00e9cia \u00e9 Estocolmo, a capital do pa\u00eds. Estocolmo \u00e9 uma cidade bonita constru\u00edda em 14 ilhas e \u00e9 conhecida por seus edif\u00edcios hist\u00f3ricos, museus e a bela Cidade Velha. Outros destinos tur\u00edsticos populares incluem Gotemburgo, Malmo e Uppsala.<\/p>\n\n\n\n<p>A Su\u00e9cia \u00e9 conhecida por seu alto padr\u00e3o de vida e economia forte. O pa\u00eds tem um dos mais altos PIB per capita do mundo e \u00e9 o lar de muitas empresas internacionalmente reconhecidas, como IKEA, H&amp;M e Ericsson. A Su\u00e9cia tamb\u00e9m tem um dos n\u00edveis mais altos de educa\u00e7\u00e3o do mundo e \u00e9 frequentemente classificada em posi\u00e7\u00f5es elevadas em rankings internacionais de educa\u00e7\u00e3o.<\/p>\n\n\n\n<p>A Su\u00e9cia tamb\u00e9m \u00e9 conhecida por seu estado de bem-estar social, que fornece aos cidad\u00e3os acesso \u00e0 assist\u00eancia m\u00e9dica gratuita, educa\u00e7\u00e3o e rede de seguran\u00e7a social. O pa\u00eds tamb\u00e9m tem uma pol\u00edtica de licen\u00e7a parental generosa que permite aos pais tirar licen\u00e7a para cuidar de seus rec\u00e9m-nascidos.<\/p>\n\n\n\n<p>A Su\u00e9cia tem uma forte tradi\u00e7\u00e3o de igualdade de g\u00eanero e justi\u00e7a social. As mulheres t\u00eam direito a voto no pa\u00eds desde 1921 e a Su\u00e9cia tem uma das maiores propor\u00e7\u00f5es de mulheres na pol\u00edtica do mundo. O pa\u00eds tamb\u00e9m tem um forte movimento sindical e leis trabalhistas protetoras que garantem direitos e prote\u00e7\u00e3o aos trabalhadores.<\/p>\n\n\n\n<p>A Su\u00e9cia tamb\u00e9m \u00e9 conhecida por sua natureza e atividades ao ar livre. O pa\u00eds tem grandes florestas, lagos e litorais que oferecem oportunidades para caminhadas, ciclismo, pesca e outras atividades ao ar livre. A Su\u00e9cia tamb\u00e9m \u00e9 conhecida por seus esportes de inverno, incluindo esqui e patina\u00e7\u00e3o no gelo.<\/p>\n","protected":false},"excerpt":{"rendered":"<p>A Su\u00e9cia \u00e9 um pa\u00eds no norte da Europa conhecido por sua bela natureza, alto n\u00edvel de prosperidade e estado de bem-estar social. O pa\u00eds tem uma popula\u00e7\u00e3o de cerca de 10 milh\u00f5es de pessoas e uma hist\u00f3ria que remonta \u00e0 era viking. Mais informa\u00e7\u00f5es: sobre a Su\u00e9cia em sverigeatlas.se Uma das atra\u00e7\u00f5es tur\u00edsticas mais [&hellip;]<\/p>\n","protected":false},"author":1,"featured_media":0,"parent":0,"menu_order":0,"comment_status":"closed","ping_status":"closed","template":"","meta":{"footnotes":""},"class_list":["post-7","page","type-page","status-publish","hentry"],"translation":{"provider":"WPGlobus","version":"3.0.2","language":"br","enabled_languages":["sv","en","es","de","fr","ru","br","fi","no"],"languages":{"sv":{"title":true,"content":true,"excerpt":false},"en":{"title":true,"content":true,"excerpt":false},"es":{"title":true,"content":true,"excerpt":false},"de":{"title":true,"content":true,"excerpt":false},"fr":{"title":true,"content":true,"excerpt":false},"ru":{"title":true,"content":true,"excerpt":false},"br":{"title":true,"content":true,"excerpt":false},"fi":{"title":true,"content":true,"excerpt":false},"no":{"title":false,"content":false,"excerpt":false}}},"_links":{"self":[{"href":"https:\/\/sverigeatlas.se\/br\/wp-json\/wp\/v2\/pages\/7","targetHints":{"allow":["GET"]}}],"collection":[{"href":"https:\/\/sverigeatlas.se\/br\/wp-json\/wp\/v2\/pages"}],"about":[{"href":"https:\/\/sverigeatlas.se\/br\/wp-json\/wp\/v2\/types\/page"}],"author":[{"embeddable":true,"href":"https:\/\/sverigeatlas.se\/br\/wp-json\/wp\/v2\/users\/1"}],"replies":[{"embeddable":true,"href":"https:\/\/sverigeatlas.se\/br\/wp-json\/wp\/v2\/comments?post=7"}],"version-history":[{"count":10,"href":"https:\/\/sverigeatlas.se\/br\/wp-json\/wp\/v2\/pages\/7\/revisions"}],"predecessor-version":[{"id":80,"href":"https:\/\/sverigeatlas.se\/br\/wp-json\/wp\/v2\/pages\/7\/revisions\/80"}],"wp:attachment":[{"href":"https:\/\/sverigeatlas.se\/br\/wp-json\/wp\/v2\/media?parent=7"}],"curies":[{"name":"wp","href":"https:\/\/api.w.org\/{rel}","templated":true}]}}