{"id":7,"date":"2023-03-18T19:36:38","date_gmt":"2023-03-18T19:36:38","guid":{"rendered":"https:\/\/sverigeatlas.se\/?page_id=7"},"modified":"2023-05-10T17:12:11","modified_gmt":"2023-05-10T17:12:11","slug":"sverigeatlas","status":"publish","type":"page","link":"https:\/\/sverigeatlas.se\/es\/sverigeatlas\/","title":{"rendered":"SverigeAtlas"},"content":{"rendered":"\n<p><br>Suecia es un pa\u00eds ubicado en el norte de Europa, conocido por su hermosa naturaleza, alto nivel de vida y estado de bienestar. El pa\u00eds tiene una poblaci\u00f3n de aproximadamente 10 millones de personas y tiene una historia que se remonta a la \u00e9poca vikinga.<\/p>\n\n\n\n<p>Una de las atracciones tur\u00edsticas m\u00e1s famosas de Suecia es Estocolmo, la capital del pa\u00eds. Estocolmo es una hermosa ciudad construida en 14 islas y es conocida por sus edificios hist\u00f3ricos, museos y la pintoresca ciudad vieja. Otros destinos tur\u00edsticos populares incluyen Gotemburgo, <a href=\"https:\/\/sverigeatlas.se\/es\/darfor-ska-du-besoka-malmo\/\">Malm\u00f6<\/a> y Uppsala.<\/p>\n\n\n\n<p>Suecia es conocida por su alto nivel de vida y fuerte econom\u00eda. El pa\u00eds tiene uno de los mayores PIB per c\u00e1pita del mundo y es el hogar de muchas empresas reconocidas internacionalmente como IKEA, H&amp;M y Ericsson. Suecia tambi\u00e9n tiene uno de los niveles m\u00e1s altos de educaci\u00f3n en el mundo y a menudo se clasifica bien en los rankings internacionales de educaci\u00f3n.<\/p>\n\n\n\n<p>Suecia tambi\u00e9n es conocida por su estado de bienestar, que brinda a los ciudadanos acceso a atenci\u00f3n m\u00e9dica gratuita, educaci\u00f3n y una red de seguridad social. El pa\u00eds tambi\u00e9n tiene una pol\u00edtica de licencia parental generosa que permite a los padres tomar tiempo libre para cuidar a su reci\u00e9n nacido.<\/p>\n\n\n\n<p>Suecia tiene una fuerte tradici\u00f3n de igualdad de g\u00e9nero y justicia social. Las mujeres tienen derecho a voto en el pa\u00eds desde 1921 y Suecia tiene uno de los porcentajes m\u00e1s altos de mujeres en la pol\u00edtica en el mundo. El pa\u00eds tambi\u00e9n tiene un fuerte movimiento laboral y leyes laborales protectoras que garantizan derechos y protecciones para los trabajadores.<\/p>\n\n\n\n<p>Suecia tambi\u00e9n es conocida por su naturaleza y actividades al aire libre. El pa\u00eds tiene vastos bosques, lagos y costas que brindan oportunidades para hacer senderismo, ciclismo, pesca y otras actividades al aire libre. Suecia tambi\u00e9n es conocida por sus deportes de invierno, como el esqu\u00ed y el patinaje sobre hielo.<\/p>\n","protected":false},"excerpt":{"rendered":"<p>Suecia es un pa\u00eds ubicado en el norte de Europa, conocido por su hermosa naturaleza, alto nivel de vida y estado de bienestar. El pa\u00eds tiene una poblaci\u00f3n de aproximadamente 10 millones de personas y tiene una historia que se remonta a la \u00e9poca vikinga. Una de las atracciones tur\u00edsticas m\u00e1s famosas de Suecia es [&hellip;]<\/p>\n","protected":false},"author":1,"featured_media":0,"parent":0,"menu_order":0,"comment_status":"closed","ping_status":"closed","template":"","meta":{"footnotes":""},"class_list":["post-7","page","type-page","status-publish","hentry"],"translation":{"provider":"WPGlobus","version":"3.0.2","language":"es","enabled_languages":["sv","en","es","de","fr","ru","br","fi","no"],"languages":{"sv":{"title":true,"content":true,"excerpt":false},"en":{"title":true,"content":true,"excerpt":false},"es":{"title":true,"content":true,"excerpt":false},"de":{"title":true,"content":true,"excerpt":false},"fr":{"title":true,"content":true,"excerpt":false},"ru":{"title":true,"content":true,"excerpt":false},"br":{"title":true,"content":true,"excerpt":false},"fi":{"title":true,"content":true,"excerpt":false},"no":{"title":false,"content":false,"excerpt":false}}},"_links":{"self":[{"href":"https:\/\/sverigeatlas.se\/es\/wp-json\/wp\/v2\/pages\/7","targetHints":{"allow":["GET"]}}],"collection":[{"href":"https:\/\/sverigeatlas.se\/es\/wp-json\/wp\/v2\/pages"}],"about":[{"href":"https:\/\/sverigeatlas.se\/es\/wp-json\/wp\/v2\/types\/page"}],"author":[{"embeddable":true,"href":"https:\/\/sverigeatlas.se\/es\/wp-json\/wp\/v2\/users\/1"}],"replies":[{"embeddable":true,"href":"https:\/\/sverigeatlas.se\/es\/wp-json\/wp\/v2\/comments?post=7"}],"version-history":[{"count":10,"href":"https:\/\/sverigeatlas.se\/es\/wp-json\/wp\/v2\/pages\/7\/revisions"}],"predecessor-version":[{"id":80,"href":"https:\/\/sverigeatlas.se\/es\/wp-json\/wp\/v2\/pages\/7\/revisions\/80"}],"wp:attachment":[{"href":"https:\/\/sverigeatlas.se\/es\/wp-json\/wp\/v2\/media?parent=7"}],"curies":[{"name":"wp","href":"https:\/\/api.w.org\/{rel}","templated":true}]}}