{"id":46,"date":"2023-04-14T08:52:58","date_gmt":"2023-04-14T08:52:58","guid":{"rendered":"https:\/\/sverigeatlas.se\/?page_id=46"},"modified":"2023-05-10T16:58:21","modified_gmt":"2023-05-10T16:58:21","slug":"sverigeatlas-2","status":"publish","type":"page","link":"https:\/\/sverigeatlas.se\/fi\/sverigeatlas-2\/","title":{"rendered":"Tietoa Sverigeatlas.se-sivustosta"},"content":{"rendered":"\n<p>Sverigeatlas.se on t\u00e4ydellinen verkkosivusto niille, jotka ovat kiinnostuneita tutkimaan Ruotsia, suunnittelemaan matkoja, opiskelemaan maan maantiedett\u00e4 tai vain haluavat p\u00e4\u00e4syn sarjaan yksityiskohtaisia ja p\u00e4ivitettyj\u00e4 karttoja. Sivustolta l\u00f6ytyy kaikenlaisia karttoja Ruotsista, poliittisista ja geografisista teemakartoista aina teemakohtaisiin ja topografisiin karttoihin. T\u00e4ss\u00e4 artikkelissa annamme yleiskatsauksen siihen, mit\u00e4 Sverigeatlas.se tarjoaa ja miten voit k\u00e4ytt\u00e4\u00e4 sit\u00e4 saadaksesi kaiken irti kartan tarpeistasi.<\/p>\n\n\n\n<p>Laaja karttakokoelma Sverigeatlas.se tarjoaa vaikuttavan kokoelman Ruotsin digitaalisia karttoja, jotka kattavat monenlaisia \u200b\u200baiheita ja tarkoituksia. T\u00e4ss\u00e4 on joitakin esimerkkej\u00e4 karttatyypeist\u00e4, joita voit l\u00f6yt\u00e4\u00e4 ja tilata sivustolta:<\/p>\n\n\n\n<p>Geografiset kartat: N\u00e4m\u00e4 kartat osoittavat maan luonteenominaisuudet, kuten vuoret, joet, j\u00e4rvet ja mets\u00e4t. Poliittiset kartat: N\u00e4m\u00e4 kartat osoittavat hallinnolliset rajat ja t\u00e4rke\u00e4t poliittiset paikat, kuten l\u00e4\u00e4nirajat, kunnan rajat, p\u00e4\u00e4kaupungit ja suuret kaupungit. Demografiset kartat: N\u00e4m\u00e4 kartat antavat yleiskatsauksen Ruotsin v\u00e4est\u00f6st\u00e4, mukaan lukien v\u00e4est\u00f6tiheys, kieli, uskonto ja etnisyys. Taloudelliset kartat: T\u00e4\u00e4lt\u00e4 l\u00f6yd\u00e4t tietoa Ruotsin taloudesta, mukaan lukien teollisuusalueet, maatalousmaat, luonnonvarat ja infrastruktuuri. Ilmasto- ja ymp\u00e4rist\u00f6kartat: N\u00e4m\u00e4 kartat tarjoavat tietoa Ruotsin ilmastosta, ymp\u00e4rist\u00f6olosuhteista ja luonnonvaroista. Historialliset kartat: Jos olet kiinnostunut Ruotsin historiasta, voit l\u00f6yt\u00e4\u00e4 karttoja, jotka osoittavat historiallisia tapahtumia, kuningaskunnan laajuutta ja t\u00e4rkeit\u00e4 taisteluita. Teemakartat: Niille, jotka ovat kiinnostuneita tietyst\u00e4 aiheesta tai teemasta, Sverigeatlas.se tarjoaa karttoja, jotka keskittyv\u00e4t matkailuun, kulttuuriin, koulutukseen, terveyteen ja paljon muuhun.<\/p>\n","protected":false},"excerpt":{"rendered":"<p>Sverigeatlas.se on t\u00e4ydellinen verkkosivusto niille, jotka ovat kiinnostuneita tutkimaan Ruotsia, suunnittelemaan matkoja, opiskelemaan maan maantiedett\u00e4 tai vain haluavat p\u00e4\u00e4syn sarjaan yksityiskohtaisia ja p\u00e4ivitettyj\u00e4 karttoja. Sivustolta l\u00f6ytyy kaikenlaisia karttoja Ruotsista, poliittisista ja geografisista teemakartoista aina teemakohtaisiin ja topografisiin karttoihin. T\u00e4ss\u00e4 artikkelissa annamme yleiskatsauksen siihen, mit\u00e4 Sverigeatlas.se tarjoaa ja miten voit k\u00e4ytt\u00e4\u00e4 sit\u00e4 saadaksesi kaiken irti kartan [&hellip;]<\/p>\n","protected":false},"author":1,"featured_media":0,"parent":0,"menu_order":0,"comment_status":"closed","ping_status":"closed","template":"","meta":{"footnotes":""},"class_list":["post-46","page","type-page","status-publish","hentry"],"translation":{"provider":"WPGlobus","version":"3.0.2","language":"fi","enabled_languages":["sv","en","es","de","fr","ru","br","fi","no"],"languages":{"sv":{"title":true,"content":true,"excerpt":false},"en":{"title":true,"content":true,"excerpt":false},"es":{"title":true,"content":true,"excerpt":false},"de":{"title":true,"content":true,"excerpt":false},"fr":{"title":true,"content":true,"excerpt":false},"ru":{"title":true,"content":true,"excerpt":false},"br":{"title":true,"content":true,"excerpt":false},"fi":{"title":true,"content":true,"excerpt":false},"no":{"title":false,"content":false,"excerpt":false}}},"_links":{"self":[{"href":"https:\/\/sverigeatlas.se\/fi\/wp-json\/wp\/v2\/pages\/46","targetHints":{"allow":["GET"]}}],"collection":[{"href":"https:\/\/sverigeatlas.se\/fi\/wp-json\/wp\/v2\/pages"}],"about":[{"href":"https:\/\/sverigeatlas.se\/fi\/wp-json\/wp\/v2\/types\/page"}],"author":[{"embeddable":true,"href":"https:\/\/sverigeatlas.se\/fi\/wp-json\/wp\/v2\/users\/1"}],"replies":[{"embeddable":true,"href":"https:\/\/sverigeatlas.se\/fi\/wp-json\/wp\/v2\/comments?post=46"}],"version-history":[{"count":8,"href":"https:\/\/sverigeatlas.se\/fi\/wp-json\/wp\/v2\/pages\/46\/revisions"}],"predecessor-version":[{"id":87,"href":"https:\/\/sverigeatlas.se\/fi\/wp-json\/wp\/v2\/pages\/46\/revisions\/87"}],"wp:attachment":[{"href":"https:\/\/sverigeatlas.se\/fi\/wp-json\/wp\/v2\/media?parent=46"}],"curies":[{"name":"wp","href":"https:\/\/api.w.org\/{rel}","templated":true}]}}