{"id":7,"date":"2023-03-18T19:36:38","date_gmt":"2023-03-18T19:36:38","guid":{"rendered":"https:\/\/sverigeatlas.se\/?page_id=7"},"modified":"2023-05-10T17:12:11","modified_gmt":"2023-05-10T17:12:11","slug":"sverigeatlas","status":"publish","type":"page","link":"https:\/\/sverigeatlas.se\/fi\/sverigeatlas\/","title":{"rendered":"SverigeAtlas"},"content":{"rendered":"\n<p>Ruotsi on Pohjois-Euroopassa sijaitseva maa, joka tunnetaan kauniista luonnostaan, korkeasta vaurausasteestaan ja hyvinvointivaltiostaan. Maassa on noin 10 miljoonaa asukasta ja sen historia ulottuu viikinkiaikaan.<\/p>\n\n\n\n<p>Lis\u00e4tietoja: Sverigeatlas.se<\/p>\n\n\n\n<p>Yksi Ruotsin tunnetuimmista matkailukohteista on maan p\u00e4\u00e4kaupunki Tukholma. Tukholma on kaunis kaupunki, joka on rakennettu 14 saarelle ja tunnetaan historiallisista rakennuksistaan, museoistaan ja kauniista vanhastakaupungistaan. Muita suosittuja matkakohteita ovat G\u00f6teborg, <a href=\"https:\/\/sverigeatlas.se\/fi\/darfor-ska-du-besoka-malmo\/\">Malm\u00f6<\/a> ja Uppsala.<\/p>\n\n\n\n<p>Ruotsi on tunnettu korkeasta elintasostaan ja vahvasta taloudestaan. Maa on yksi maailman korkeimmista BKT:sta asukasta kohden ja siell\u00e4 sijaitsee monia kansainv\u00e4lisesti tunnettuja yrityksi\u00e4, kuten IKEA, H&amp;M ja Ericsson. Ruotsilla on my\u00f6s yksi maailman korkeimmista koulutustasoista ja se sijoittuu usein korkealle kansainv\u00e4lisiss\u00e4 koulutusarvioinneissa.<\/p>\n\n\n\n<p>Ruotsi on my\u00f6s tunnettu hyvinvointivaltiostaan, joka tarjoaa kansalaisille ilmaisen terveydenhuollon, koulutuksen ja sosiaaliturvan. Maassa on my\u00f6s antelias vanhempainvakuutus, joka antaa vanhemmille mahdollisuuden j\u00e4\u00e4d\u00e4 hoitamaan vastasyntynytt\u00e4 lastaan.<\/p>\n\n\n\n<p>Ruotsilla on my\u00f6s vahva perinne tasa-arvosta ja sosiaalisesta oikeudenmukaisuudesta. Naisilla on ollut \u00e4\u00e4nioikeus maassa vuodesta 1921 ja Ruotsilla on yksi maailman suurimmista naisten osuuslukum\u00e4\u00e4rist\u00e4 politiikassa. Maassa on my\u00f6s vahva ammattiyhdistysliike ja ty\u00f6ntekij\u00f6iden oikeuksia suojaavia lakeja.<\/p>\n\n\n\n<p>Ruotsi on my\u00f6s tunnettu luonnostaan ja ulkoilumahdollisuuksistaan. Maassa on suuria metsi\u00e4, j\u00e4rvi\u00e4 ja rannikkoja, jotka tarjoavat mahdollisuuden vaellukseen, py\u00f6r\u00e4ilyyn, kalastukseen ja muihin ulkoiluaktiviteetteihin. Ruotsi on my\u00f6s tunnettu talviurheilusta, kuten hiihdosta ja luistelusta.<\/p>\n","protected":false},"excerpt":{"rendered":"<p>Ruotsi on Pohjois-Euroopassa sijaitseva maa, joka tunnetaan kauniista luonnostaan, korkeasta vaurausasteestaan ja hyvinvointivaltiostaan. Maassa on noin 10 miljoonaa asukasta ja sen historia ulottuu viikinkiaikaan. Lis\u00e4tietoja: Sverigeatlas.se Yksi Ruotsin tunnetuimmista matkailukohteista on maan p\u00e4\u00e4kaupunki Tukholma. Tukholma on kaunis kaupunki, joka on rakennettu 14 saarelle ja tunnetaan historiallisista rakennuksistaan, museoistaan ja kauniista vanhastakaupungistaan. Muita suosittuja matkakohteita ovat [&hellip;]<\/p>\n","protected":false},"author":1,"featured_media":0,"parent":0,"menu_order":0,"comment_status":"closed","ping_status":"closed","template":"","meta":{"footnotes":""},"class_list":["post-7","page","type-page","status-publish","hentry"],"translation":{"provider":"WPGlobus","version":"3.0.2","language":"fi","enabled_languages":["sv","en","es","de","fr","ru","br","fi","no"],"languages":{"sv":{"title":true,"content":true,"excerpt":false},"en":{"title":true,"content":true,"excerpt":false},"es":{"title":true,"content":true,"excerpt":false},"de":{"title":true,"content":true,"excerpt":false},"fr":{"title":true,"content":true,"excerpt":false},"ru":{"title":true,"content":true,"excerpt":false},"br":{"title":true,"content":true,"excerpt":false},"fi":{"title":true,"content":true,"excerpt":false},"no":{"title":false,"content":false,"excerpt":false}}},"_links":{"self":[{"href":"https:\/\/sverigeatlas.se\/fi\/wp-json\/wp\/v2\/pages\/7","targetHints":{"allow":["GET"]}}],"collection":[{"href":"https:\/\/sverigeatlas.se\/fi\/wp-json\/wp\/v2\/pages"}],"about":[{"href":"https:\/\/sverigeatlas.se\/fi\/wp-json\/wp\/v2\/types\/page"}],"author":[{"embeddable":true,"href":"https:\/\/sverigeatlas.se\/fi\/wp-json\/wp\/v2\/users\/1"}],"replies":[{"embeddable":true,"href":"https:\/\/sverigeatlas.se\/fi\/wp-json\/wp\/v2\/comments?post=7"}],"version-history":[{"count":10,"href":"https:\/\/sverigeatlas.se\/fi\/wp-json\/wp\/v2\/pages\/7\/revisions"}],"predecessor-version":[{"id":80,"href":"https:\/\/sverigeatlas.se\/fi\/wp-json\/wp\/v2\/pages\/7\/revisions\/80"}],"wp:attachment":[{"href":"https:\/\/sverigeatlas.se\/fi\/wp-json\/wp\/v2\/media?parent=7"}],"curies":[{"name":"wp","href":"https:\/\/api.w.org\/{rel}","templated":true}]}}