{"id":7,"date":"2023-03-18T19:36:38","date_gmt":"2023-03-18T19:36:38","guid":{"rendered":"https:\/\/sverigeatlas.se\/?page_id=7"},"modified":"2023-05-10T17:12:11","modified_gmt":"2023-05-10T17:12:11","slug":"sverigeatlas","status":"publish","type":"page","link":"https:\/\/sverigeatlas.se\/fr\/sverigeatlas\/","title":{"rendered":"SverigeAtlas"},"content":{"rendered":"\n<p><br>La Su\u00e8de est un pays situ\u00e9 dans le nord de l&#8217;Europe, connu pour sa belle nature, son niveau de vie \u00e9lev\u00e9 et son \u00c9tat-providence. Le pays a une population d&#8217;environ 10 millions de personnes et a une histoire qui remonte \u00e0 l&#8217;\u00e2ge viking.<\/p>\n\n\n\n<p>L&#8217;une des attractions touristiques les plus c\u00e9l\u00e8bres de Su\u00e8de est Stockholm, la capitale du pays. Stockholm est une belle ville construite sur 14 \u00eeles et est connue pour ses b\u00e2timents historiques, ses mus\u00e9es et la pittoresque vieille ville. D&#8217;autres destinations touristiques populaires comprennent G\u00f6teborg, <a href=\"https:\/\/sverigeatlas.se\/fr\/darfor-ska-du-besoka-malmo\/\">Malm\u00f6<\/a> et Uppsala.<\/p>\n\n\n\n<p>La Su\u00e8de est connue pour son niveau de vie \u00e9lev\u00e9 et son \u00e9conomie forte. Le pays a l&#8217;un des plus hauts PIB par habitant du monde et est le foyer de nombreuses entreprises reconnues \u00e0 l&#8217;\u00e9chelle internationale telles que IKEA, H&amp;M et Ericsson. La Su\u00e8de a \u00e9galement l&#8217;un des niveaux d&#8217;\u00e9ducation les plus \u00e9lev\u00e9s au monde et est souvent bien class\u00e9e dans les classements internationaux de l&#8217;\u00e9ducation.<\/p>\n\n\n\n<p>La Su\u00e8de est \u00e9galement connue pour son \u00c9tat-providence, qui offre aux citoyens un acc\u00e8s aux soins de sant\u00e9 gratuits, \u00e0 l&#8217;\u00e9ducation et \u00e0 un filet de s\u00e9curit\u00e9 sociale. Le pays a \u00e9galement une politique de cong\u00e9 parental g\u00e9n\u00e9reuse qui permet aux parents de prendre du temps libre pour s&#8217;occuper de leur nouveau-n\u00e9.<\/p>\n\n\n\n<p>La Su\u00e8de a une forte tradition d&#8217;\u00e9galit\u00e9 des sexes et de justice sociale. Les femmes ont le droit de vote dans le pays depuis 1921 et la Su\u00e8de a l&#8217;un des pourcentages les plus \u00e9lev\u00e9s de femmes en politique dans le monde. Le pays a \u00e9galement un fort mouvement syndical et des lois du travail protectrices qui garantissent des droits et des protections pour les travailleurs.<\/p>\n\n\n\n<p>La Su\u00e8de est \u00e9galement connue pour sa nature et ses activit\u00e9s de plein air. Le pays a de vastes for\u00eats, des lacs et des c\u00f4tes qui offrent des possibilit\u00e9s de randonn\u00e9e, de v\u00e9lo, de p\u00eache et d&#8217;autres activit\u00e9s de plein air. La Su\u00e8de est \u00e9galement connue pour ses sports d&#8217;hiver, comme le ski et le patinage sur glace.<\/p>\n","protected":false},"excerpt":{"rendered":"<p>La Su\u00e8de est un pays situ\u00e9 dans le nord de l&#8217;Europe, connu pour sa belle nature, son niveau de vie \u00e9lev\u00e9 et son \u00c9tat-providence. Le pays a une population d&#8217;environ 10 millions de personnes et a une histoire qui remonte \u00e0 l&#8217;\u00e2ge viking. L&#8217;une des attractions touristiques les plus c\u00e9l\u00e8bres de Su\u00e8de est Stockholm, la [&hellip;]<\/p>\n","protected":false},"author":1,"featured_media":0,"parent":0,"menu_order":0,"comment_status":"closed","ping_status":"closed","template":"","meta":{"footnotes":""},"class_list":["post-7","page","type-page","status-publish","hentry"],"translation":{"provider":"WPGlobus","version":"3.0.2","language":"fr","enabled_languages":["sv","en","es","de","fr","ru","br","fi","no"],"languages":{"sv":{"title":true,"content":true,"excerpt":false},"en":{"title":true,"content":true,"excerpt":false},"es":{"title":true,"content":true,"excerpt":false},"de":{"title":true,"content":true,"excerpt":false},"fr":{"title":true,"content":true,"excerpt":false},"ru":{"title":true,"content":true,"excerpt":false},"br":{"title":true,"content":true,"excerpt":false},"fi":{"title":true,"content":true,"excerpt":false},"no":{"title":false,"content":false,"excerpt":false}}},"_links":{"self":[{"href":"https:\/\/sverigeatlas.se\/fr\/wp-json\/wp\/v2\/pages\/7","targetHints":{"allow":["GET"]}}],"collection":[{"href":"https:\/\/sverigeatlas.se\/fr\/wp-json\/wp\/v2\/pages"}],"about":[{"href":"https:\/\/sverigeatlas.se\/fr\/wp-json\/wp\/v2\/types\/page"}],"author":[{"embeddable":true,"href":"https:\/\/sverigeatlas.se\/fr\/wp-json\/wp\/v2\/users\/1"}],"replies":[{"embeddable":true,"href":"https:\/\/sverigeatlas.se\/fr\/wp-json\/wp\/v2\/comments?post=7"}],"version-history":[{"count":10,"href":"https:\/\/sverigeatlas.se\/fr\/wp-json\/wp\/v2\/pages\/7\/revisions"}],"predecessor-version":[{"id":80,"href":"https:\/\/sverigeatlas.se\/fr\/wp-json\/wp\/v2\/pages\/7\/revisions\/80"}],"wp:attachment":[{"href":"https:\/\/sverigeatlas.se\/fr\/wp-json\/wp\/v2\/media?parent=7"}],"curies":[{"name":"wp","href":"https:\/\/api.w.org\/{rel}","templated":true}]}}